{"id":44977,"date":"2023-11-21T12:45:10","date_gmt":"2023-11-21T12:45:10","guid":{"rendered":"https:\/\/mehariparts.com\/index.php\/producto\/03-kit-tuberias-de-freno-delantero-freno-de-disco-8\/"},"modified":"2023-11-21T12:45:11","modified_gmt":"2023-11-21T12:45:11","slug":"03-kit-tuberias-de-freno-delantero-freno-de-disco-8","status":"publish","type":"product","link":"https:\/\/mehariparts.com\/index.php\/producto\/03-kit-tuberias-de-freno-delantero-freno-de-disco-8\/","title":{"rendered":"03-KIT TUBER\u00cdAS DE FRENO DELANTERO-Freno de disco-8"},"content":{"rendered":"<p>1<\/p>\n<p>&nbsp;<\/p>\n","protected":false},"excerpt":{"rendered":"<p>MEHARI<\/p>\n","protected":false},"featured_media":44825,"comment_status":"closed","ping_status":"open","template":"","meta":[],"product_brand":[],"product_cat":[18340,18341,18389],"product_tag":[],"pa_cantidad-requerida":[100],"pa_comentarios":[],"pa_compatibilidad":[],"pa_compatible":[],"pa_densidad":[],"pa_disponibilidad":[144],"pa_marca":[],"pa_normativas":[],"pa_observaciones":[],"pa_ref-interna":[18405],"pa_ref-prov":[],"pa_ref-proveedor":[],"pa_referencia-interna":[],"pa_referencia-proveedor":[18404],"pa_sku":[],"pa_valido-para":[18337],"class_list":{"0":"post-44977","1":"product","2":"type-product","3":"status-publish","4":"has-post-thumbnail","6":"product_cat-mehari","7":"product_cat-sistema-de-frenos","8":"product_cat-tuberias-de-freno","9":"product_shipping_class-rbuk","10":"pa_cantidad-requerida-100","11":"pa_disponibilidad-disponible","12":"pa_ref-interna-mp1032","13":"pa_referencia-proveedor-18404","14":"pa_valido-para-mehari","15":"entry","17":"first","18":"instock","19":"taxable","20":"shipping-taxable","21":"purchasable","22":"product-type-simple","23":"berocket_lgv_grid","24":"berocket_lgv_list_grid"},"yoast_head":"<!-- This site is optimized with the Yoast SEO plugin v27.6 - https:\/\/yoast.com\/product\/yoast-seo-wordpress\/ -->\n<title>03-KIT TUBER\u00cdAS DE FRENO DELANTERO-Freno de disco-8 -<\/title>\n<meta name=\"description\" content=\"Recambios y accesorios para veh\u00edculos cl\u00e1sicos y deportivos. LAND ROVER-TRIUMPH-MG-JAGUAR-BENTLEY-ROLLSROYCE-PORSCHE-FERRARI. Classic car parts spares Triumph parts especialist\" \/>\n<meta name=\"robots\" content=\"index, follow, max-snippet:-1, max-image-preview:large, max-video-preview:-1\" \/>\n<link rel=\"canonical\" href=\"https:\/\/mehariparts.com\/index.php\/producto\/03-kit-tuberias-de-freno-delantero-freno-de-disco-8\/\" \/>\n<meta property=\"og:locale\" content=\"es_ES\" \/>\n<meta property=\"og:type\" content=\"article\" \/>\n<meta property=\"og:title\" content=\"03-KIT TUBER\u00cdAS DE FRENO DELANTERO-Freno de disco-8 -\" \/>\n<meta property=\"og:description\" content=\"Recambios y accesorios para veh\u00edculos cl\u00e1sicos y deportivos. LAND ROVER-TRIUMPH-MG-JAGUAR-BENTLEY-ROLLSROYCE-PORSCHE-FERRARI. Classic car parts spares Triumph parts especialist\" \/>\n<meta property=\"og:url\" content=\"https:\/\/mehariparts.com\/index.php\/producto\/03-kit-tuberias-de-freno-delantero-freno-de-disco-8\/\" \/>\n<meta property=\"article:modified_time\" content=\"2023-11-21T12:45:11+00:00\" \/>\n<meta property=\"og:image\" content=\"https:\/\/mehariparts.com\/wp-content\/uploads\/2023\/11\/b32.png\" \/>\n\t<meta property=\"og:image:width\" content=\"381\" \/>\n\t<meta property=\"og:image:height\" content=\"328\" \/>\n\t<meta property=\"og:image:type\" content=\"image\/png\" \/>\n<meta name=\"twitter:card\" content=\"summary_large_image\" \/>\n<script type=\"application\/ld+json\" class=\"yoast-schema-graph\">{\"@context\":\"https:\\\/\\\/schema.org\",\"@graph\":[{\"@type\":\"WebPage\",\"@id\":\"https:\\\/\\\/mehariparts.com\\\/index.php\\\/producto\\\/03-kit-tuberias-de-freno-delantero-freno-de-disco-8\\\/\",\"url\":\"https:\\\/\\\/mehariparts.com\\\/index.php\\\/producto\\\/03-kit-tuberias-de-freno-delantero-freno-de-disco-8\\\/\",\"name\":\"03-KIT TUBER\u00cdAS DE FRENO DELANTERO-Freno de disco-8 -\",\"isPartOf\":{\"@id\":\"https:\\\/\\\/mehariparts.com\\\/#website\"},\"primaryImageOfPage\":{\"@id\":\"https:\\\/\\\/mehariparts.com\\\/index.php\\\/producto\\\/03-kit-tuberias-de-freno-delantero-freno-de-disco-8\\\/#primaryimage\"},\"image\":{\"@id\":\"https:\\\/\\\/mehariparts.com\\\/index.php\\\/producto\\\/03-kit-tuberias-de-freno-delantero-freno-de-disco-8\\\/#primaryimage\"},\"thumbnailUrl\":\"https:\\\/\\\/mehariparts.com\\\/wp-content\\\/uploads\\\/2023\\\/11\\\/b32.png\",\"datePublished\":\"2023-11-21T12:45:10+00:00\",\"dateModified\":\"2023-11-21T12:45:11+00:00\",\"description\":\"Recambios y accesorios para veh\u00edculos cl\u00e1sicos y deportivos. LAND ROVER-TRIUMPH-MG-JAGUAR-BENTLEY-ROLLSROYCE-PORSCHE-FERRARI. Classic car parts spares Triumph parts especialist\",\"breadcrumb\":{\"@id\":\"https:\\\/\\\/mehariparts.com\\\/index.php\\\/producto\\\/03-kit-tuberias-de-freno-delantero-freno-de-disco-8\\\/#breadcrumb\"},\"inLanguage\":\"es\",\"potentialAction\":[{\"@type\":\"ReadAction\",\"target\":[\"https:\\\/\\\/mehariparts.com\\\/index.php\\\/producto\\\/03-kit-tuberias-de-freno-delantero-freno-de-disco-8\\\/\"]}]},{\"@type\":\"ImageObject\",\"inLanguage\":\"es\",\"@id\":\"https:\\\/\\\/mehariparts.com\\\/index.php\\\/producto\\\/03-kit-tuberias-de-freno-delantero-freno-de-disco-8\\\/#primaryimage\",\"url\":\"https:\\\/\\\/mehariparts.com\\\/wp-content\\\/uploads\\\/2023\\\/11\\\/b32.png\",\"contentUrl\":\"https:\\\/\\\/mehariparts.com\\\/wp-content\\\/uploads\\\/2023\\\/11\\\/b32.png\",\"width\":381,\"height\":328},{\"@type\":\"BreadcrumbList\",\"@id\":\"https:\\\/\\\/mehariparts.com\\\/index.php\\\/producto\\\/03-kit-tuberias-de-freno-delantero-freno-de-disco-8\\\/#breadcrumb\",\"itemListElement\":[{\"@type\":\"ListItem\",\"position\":1,\"name\":\"Portada\",\"item\":\"https:\\\/\\\/mehariparts.com\\\/\"},{\"@type\":\"ListItem\",\"position\":2,\"name\":\"Tienda\",\"item\":\"https:\\\/\\\/mehariparts.com\\\/index.php\\\/tienda\\\/\"},{\"@type\":\"ListItem\",\"position\":3,\"name\":\"03-KIT TUBER\u00cdAS DE FRENO DELANTERO-Freno de disco-8\"}]},{\"@type\":\"WebSite\",\"@id\":\"https:\\\/\\\/mehariparts.com\\\/#website\",\"url\":\"https:\\\/\\\/mehariparts.com\\\/\",\"name\":\"\",\"description\":\"\",\"publisher\":{\"@id\":\"https:\\\/\\\/mehariparts.com\\\/#organization\"},\"potentialAction\":[{\"@type\":\"SearchAction\",\"target\":{\"@type\":\"EntryPoint\",\"urlTemplate\":\"https:\\\/\\\/mehariparts.com\\\/?s={search_term_string}\"},\"query-input\":{\"@type\":\"PropertyValueSpecification\",\"valueRequired\":true,\"valueName\":\"search_term_string\"}}],\"inLanguage\":\"es\"},{\"@type\":\"Organization\",\"@id\":\"https:\\\/\\\/mehariparts.com\\\/#organization\",\"name\":\"GF RECAMBIOS\",\"url\":\"https:\\\/\\\/mehariparts.com\\\/\",\"logo\":{\"@type\":\"ImageObject\",\"inLanguage\":\"es\",\"@id\":\"https:\\\/\\\/mehariparts.com\\\/#\\\/schema\\\/logo\\\/image\\\/\",\"url\":\"https:\\\/\\\/i0.wp.com\\\/gfrecambios.com\\\/wp-content\\\/uploads\\\/2021\\\/01\\\/cropped-cropped-cropped-cropped-cropped-cropped-logo-1-1.jpg?fit=627%2C99&ssl=1\",\"contentUrl\":\"https:\\\/\\\/i0.wp.com\\\/gfrecambios.com\\\/wp-content\\\/uploads\\\/2021\\\/01\\\/cropped-cropped-cropped-cropped-cropped-cropped-logo-1-1.jpg?fit=627%2C99&ssl=1\",\"width\":627,\"height\":99,\"caption\":\"GF RECAMBIOS\"},\"image\":{\"@id\":\"https:\\\/\\\/mehariparts.com\\\/#\\\/schema\\\/logo\\\/image\\\/\"}}]}<\/script>\n<!-- \/ Yoast SEO plugin. -->","yoast_head_json":{"title":"03-KIT TUBER\u00cdAS DE FRENO DELANTERO-Freno de disco-8 -","description":"Recambios y accesorios para veh\u00edculos cl\u00e1sicos y deportivos. LAND ROVER-TRIUMPH-MG-JAGUAR-BENTLEY-ROLLSROYCE-PORSCHE-FERRARI. Classic car parts spares Triumph parts especialist","robots":{"index":"index","follow":"follow","max-snippet":"max-snippet:-1","max-image-preview":"max-image-preview:large","max-video-preview":"max-video-preview:-1"},"canonical":"https:\/\/mehariparts.com\/index.php\/producto\/03-kit-tuberias-de-freno-delantero-freno-de-disco-8\/","og_locale":"es_ES","og_type":"article","og_title":"03-KIT TUBER\u00cdAS DE FRENO DELANTERO-Freno de disco-8 -","og_description":"Recambios y accesorios para veh\u00edculos cl\u00e1sicos y deportivos. LAND ROVER-TRIUMPH-MG-JAGUAR-BENTLEY-ROLLSROYCE-PORSCHE-FERRARI. Classic car parts spares Triumph parts especialist","og_url":"https:\/\/mehariparts.com\/index.php\/producto\/03-kit-tuberias-de-freno-delantero-freno-de-disco-8\/","article_modified_time":"2023-11-21T12:45:11+00:00","og_image":[{"width":381,"height":328,"url":"https:\/\/mehariparts.com\/wp-content\/uploads\/2023\/11\/b32.png","type":"image\/png"}],"twitter_card":"summary_large_image","schema":{"@context":"https:\/\/schema.org","@graph":[{"@type":"WebPage","@id":"https:\/\/mehariparts.com\/index.php\/producto\/03-kit-tuberias-de-freno-delantero-freno-de-disco-8\/","url":"https:\/\/mehariparts.com\/index.php\/producto\/03-kit-tuberias-de-freno-delantero-freno-de-disco-8\/","name":"03-KIT TUBER\u00cdAS DE FRENO DELANTERO-Freno de disco-8 -","isPartOf":{"@id":"https:\/\/mehariparts.com\/#website"},"primaryImageOfPage":{"@id":"https:\/\/mehariparts.com\/index.php\/producto\/03-kit-tuberias-de-freno-delantero-freno-de-disco-8\/#primaryimage"},"image":{"@id":"https:\/\/mehariparts.com\/index.php\/producto\/03-kit-tuberias-de-freno-delantero-freno-de-disco-8\/#primaryimage"},"thumbnailUrl":"https:\/\/mehariparts.com\/wp-content\/uploads\/2023\/11\/b32.png","datePublished":"2023-11-21T12:45:10+00:00","dateModified":"2023-11-21T12:45:11+00:00","description":"Recambios y accesorios para veh\u00edculos cl\u00e1sicos y deportivos. LAND ROVER-TRIUMPH-MG-JAGUAR-BENTLEY-ROLLSROYCE-PORSCHE-FERRARI. Classic car parts spares Triumph parts especialist","breadcrumb":{"@id":"https:\/\/mehariparts.com\/index.php\/producto\/03-kit-tuberias-de-freno-delantero-freno-de-disco-8\/#breadcrumb"},"inLanguage":"es","potentialAction":[{"@type":"ReadAction","target":["https:\/\/mehariparts.com\/index.php\/producto\/03-kit-tuberias-de-freno-delantero-freno-de-disco-8\/"]}]},{"@type":"ImageObject","inLanguage":"es","@id":"https:\/\/mehariparts.com\/index.php\/producto\/03-kit-tuberias-de-freno-delantero-freno-de-disco-8\/#primaryimage","url":"https:\/\/mehariparts.com\/wp-content\/uploads\/2023\/11\/b32.png","contentUrl":"https:\/\/mehariparts.com\/wp-content\/uploads\/2023\/11\/b32.png","width":381,"height":328},{"@type":"BreadcrumbList","@id":"https:\/\/mehariparts.com\/index.php\/producto\/03-kit-tuberias-de-freno-delantero-freno-de-disco-8\/#breadcrumb","itemListElement":[{"@type":"ListItem","position":1,"name":"Portada","item":"https:\/\/mehariparts.com\/"},{"@type":"ListItem","position":2,"name":"Tienda","item":"https:\/\/mehariparts.com\/index.php\/tienda\/"},{"@type":"ListItem","position":3,"name":"03-KIT TUBER\u00cdAS DE FRENO DELANTERO-Freno de disco-8"}]},{"@type":"WebSite","@id":"https:\/\/mehariparts.com\/#website","url":"https:\/\/mehariparts.com\/","name":"","description":"","publisher":{"@id":"https:\/\/mehariparts.com\/#organization"},"potentialAction":[{"@type":"SearchAction","target":{"@type":"EntryPoint","urlTemplate":"https:\/\/mehariparts.com\/?s={search_term_string}"},"query-input":{"@type":"PropertyValueSpecification","valueRequired":true,"valueName":"search_term_string"}}],"inLanguage":"es"},{"@type":"Organization","@id":"https:\/\/mehariparts.com\/#organization","name":"GF RECAMBIOS","url":"https:\/\/mehariparts.com\/","logo":{"@type":"ImageObject","inLanguage":"es","@id":"https:\/\/mehariparts.com\/#\/schema\/logo\/image\/","url":"https:\/\/i0.wp.com\/gfrecambios.com\/wp-content\/uploads\/2021\/01\/cropped-cropped-cropped-cropped-cropped-cropped-logo-1-1.jpg?fit=627%2C99&ssl=1","contentUrl":"https:\/\/i0.wp.com\/gfrecambios.com\/wp-content\/uploads\/2021\/01\/cropped-cropped-cropped-cropped-cropped-cropped-logo-1-1.jpg?fit=627%2C99&ssl=1","width":627,"height":99,"caption":"GF RECAMBIOS"},"image":{"@id":"https:\/\/mehariparts.com\/#\/schema\/logo\/image\/"}}]}},"amp_enabled":true,"_links":{"self":[{"href":"https:\/\/mehariparts.com\/index.php\/wp-json\/wp\/v2\/product\/44977","targetHints":{"allow":["GET"]}}],"collection":[{"href":"https:\/\/mehariparts.com\/index.php\/wp-json\/wp\/v2\/product"}],"about":[{"href":"https:\/\/mehariparts.com\/index.php\/wp-json\/wp\/v2\/types\/product"}],"replies":[{"embeddable":true,"href":"https:\/\/mehariparts.com\/index.php\/wp-json\/wp\/v2\/comments?post=44977"}],"wp:featuredmedia":[{"embeddable":true,"href":"https:\/\/mehariparts.com\/index.php\/wp-json\/wp\/v2\/media\/44825"}],"wp:attachment":[{"href":"https:\/\/mehariparts.com\/index.php\/wp-json\/wp\/v2\/media?parent=44977"}],"wp:term":[{"taxonomy":"product_brand","embeddable":true,"href":"https:\/\/mehariparts.com\/index.php\/wp-json\/wp\/v2\/product_brand?post=44977"},{"taxonomy":"product_cat","embeddable":true,"href":"https:\/\/mehariparts.com\/index.php\/wp-json\/wp\/v2\/product_cat?post=44977"},{"taxonomy":"product_tag","embeddable":true,"href":"https:\/\/mehariparts.com\/index.php\/wp-json\/wp\/v2\/product_tag?post=44977"},{"taxonomy":"pa_cantidad-requerida","embeddable":true,"href":"https:\/\/mehariparts.com\/index.php\/wp-json\/wp\/v2\/pa_cantidad-requerida?post=44977"},{"taxonomy":"pa_comentarios","embeddable":true,"href":"https:\/\/mehariparts.com\/index.php\/wp-json\/wp\/v2\/pa_comentarios?post=44977"},{"taxonomy":"pa_compatibilidad","embeddable":true,"href":"https:\/\/mehariparts.com\/index.php\/wp-json\/wp\/v2\/pa_compatibilidad?post=44977"},{"taxonomy":"pa_compatible","embeddable":true,"href":"https:\/\/mehariparts.com\/index.php\/wp-json\/wp\/v2\/pa_compatible?post=44977"},{"taxonomy":"pa_densidad","embeddable":true,"href":"https:\/\/mehariparts.com\/index.php\/wp-json\/wp\/v2\/pa_densidad?post=44977"},{"taxonomy":"pa_disponibilidad","embeddable":true,"href":"https:\/\/mehariparts.com\/index.php\/wp-json\/wp\/v2\/pa_disponibilidad?post=44977"},{"taxonomy":"pa_marca","embeddable":true,"href":"https:\/\/mehariparts.com\/index.php\/wp-json\/wp\/v2\/pa_marca?post=44977"},{"taxonomy":"pa_normativas","embeddable":true,"href":"https:\/\/mehariparts.com\/index.php\/wp-json\/wp\/v2\/pa_normativas?post=44977"},{"taxonomy":"pa_observaciones","embeddable":true,"href":"https:\/\/mehariparts.com\/index.php\/wp-json\/wp\/v2\/pa_observaciones?post=44977"},{"taxonomy":"pa_ref-interna","embeddable":true,"href":"https:\/\/mehariparts.com\/index.php\/wp-json\/wp\/v2\/pa_ref-interna?post=44977"},{"taxonomy":"pa_ref-prov","embeddable":true,"href":"https:\/\/mehariparts.com\/index.php\/wp-json\/wp\/v2\/pa_ref-prov?post=44977"},{"taxonomy":"pa_ref-proveedor","embeddable":true,"href":"https:\/\/mehariparts.com\/index.php\/wp-json\/wp\/v2\/pa_ref-proveedor?post=44977"},{"taxonomy":"pa_referencia-interna","embeddable":true,"href":"https:\/\/mehariparts.com\/index.php\/wp-json\/wp\/v2\/pa_referencia-interna?post=44977"},{"taxonomy":"pa_referencia-proveedor","embeddable":true,"href":"https:\/\/mehariparts.com\/index.php\/wp-json\/wp\/v2\/pa_referencia-proveedor?post=44977"},{"taxonomy":"pa_sku","embeddable":true,"href":"https:\/\/mehariparts.com\/index.php\/wp-json\/wp\/v2\/pa_sku?post=44977"},{"taxonomy":"pa_valido-para","embeddable":true,"href":"https:\/\/mehariparts.com\/index.php\/wp-json\/wp\/v2\/pa_valido-para?post=44977"}],"curies":[{"name":"wp","href":"https:\/\/api.w.org\/{rel}","templated":true}]}}