{"id":312,"date":"2021-01-17T20:48:05","date_gmt":"2021-01-17T20:48:05","guid":{"rendered":"https:\/\/mehariparts.com\/?page_id=312"},"modified":"2023-11-22T22:07:11","modified_gmt":"2023-11-22T22:07:11","slug":"politica-de-privacidad","status":"publish","type":"page","link":"https:\/\/mehariparts.com\/index.php\/politica-de-privacidad\/","title":{"rendered":"Pol\u00edtica de privacidad"},"content":{"rendered":"\t\t<div data-elementor-type=\"wp-page\" data-elementor-id=\"312\" class=\"elementor elementor-312\">\n\t\t\t\t\t\t<section class=\"elementor-section elementor-top-section elementor-element elementor-element-0dba4ad elementor-section-boxed elementor-section-height-default elementor-section-height-default\" data-id=\"0dba4ad\" data-element_type=\"section\" data-e-type=\"section\">\n\t\t\t\t\t\t<div class=\"elementor-container elementor-column-gap-default\">\n\t\t\t\t\t<div class=\"elementor-column elementor-col-100 elementor-top-column elementor-element elementor-element-4fa16f4\" data-id=\"4fa16f4\" data-element_type=\"column\" data-e-type=\"column\">\n\t\t\t<div class=\"elementor-widget-wrap elementor-element-populated\">\n\t\t\t\t\t\t<div class=\"elementor-element elementor-element-6ee4185 elementor-widget elementor-widget-text-editor\" data-id=\"6ee4185\" data-element_type=\"widget\" data-e-type=\"widget\" data-widget_type=\"text-editor.default\">\n\t\t\t\t<div class=\"elementor-widget-container\">\n\t\t\t\t\t\t\t\t\t<p>De conformidad con la Ley Org\u00e1nica 15\/1999 de Protecci\u00f3n de Datos Personales, se le informa de que los datos facilitados a trav\u00e9s de esta web o mediante mensajes de correo electr\u00f3nico, ser\u00e1n recogidos en un fichero creado bajo responsabilidad de\u00a0<strong>MEHARI PARTS<\/strong>, con la finalidad de servir como soporte de informaci\u00f3n a la gesti\u00f3n comercial o seguimiento de la consulta realizada.<\/p><p>El titular tendr\u00e1 la posibilidad de ejercer sus derechos de acceso, rectificaci\u00f3n, cancelaci\u00f3n y oposici\u00f3n sobre dichos datos mediante comunicaci\u00f3n escrita a\u00a0<strong>MEHARI PARTS<\/strong>, con domicilio en C\/ Julio Palacios n\u00ba 4 &#8211; Madrid o mediante correo electr\u00f3nico por escrito a\u00a0<a href=\"mailto:info@mehariparts.com\">info@mehariparts.com<\/a>.<\/p><p>Impl\u00edcitamente el titular autoriza a\u00a0<strong>MEHARI PARTS<\/strong>\u00a0a ceder sus datos personales a terceras personas de la red comercial del siempre que sea necesaria su intervenci\u00f3n para realizar sus finalidades comerciales<\/p>\t\t\t\t\t\t\t\t<\/div>\n\t\t\t\t<\/div>\n\t\t\t\t\t<\/div>\n\t\t<\/div>\n\t\t\t\t\t<\/div>\n\t\t<\/section>\n\t\t\t\t<\/div>\n\t\t","protected":false},"excerpt":{"rendered":"<p>De conformidad con la Ley Org\u00e1nica 15\/1999 de Protecci\u00f3n de Datos Personales, se le informa de que los datos facilitados a trav\u00e9s de esta web o mediante mensajes de correo electr\u00f3nico, ser\u00e1n recogidos en un fichero creado bajo responsabilidad de\u00a0MEHARI PARTS, con la finalidad de servir como soporte de informaci\u00f3n a la gesti\u00f3n comercial o&hellip;<\/p>\n<p class=\"more\"><a class=\"more-link\" href=\"https:\/\/mehariparts.com\/index.php\/politica-de-privacidad\/\">Seguir leyendo <span class=\"screen-reader-text\">Pol\u00edtica de privacidad<\/span><\/a><\/p>\n","protected":false},"author":1,"featured_media":0,"parent":0,"menu_order":0,"comment_status":"closed","ping_status":"closed","template":"","meta":{"footnotes":""},"class_list":["post-312","page","type-page","status-publish","hentry","entry"],"yoast_head":"<!-- This site is optimized with the Yoast SEO plugin v27.6 - https:\/\/yoast.com\/product\/yoast-seo-wordpress\/ -->\n<title>Pol\u00edtica de privacidad -<\/title>\n<meta name=\"description\" content=\"Recambios y accesorios para veh\u00edculos cl\u00e1sicos y deportivos. LAND ROVER-TRIUMPH-MG-JAGUAR-BENTLEY-ROLLSROYCE-PORSCHE-FERRARI. Classic car parts spares Triumph parts especialist\" \/>\n<meta name=\"robots\" content=\"index, follow, max-snippet:-1, max-image-preview:large, max-video-preview:-1\" \/>\n<link rel=\"canonical\" href=\"https:\/\/mehariparts.com\/index.php\/politica-de-privacidad\/\" \/>\n<meta property=\"og:locale\" content=\"es_ES\" \/>\n<meta property=\"og:type\" content=\"article\" \/>\n<meta property=\"og:title\" content=\"Pol\u00edtica de privacidad -\" \/>\n<meta property=\"og:description\" content=\"Recambios y accesorios para veh\u00edculos cl\u00e1sicos y deportivos. LAND ROVER-TRIUMPH-MG-JAGUAR-BENTLEY-ROLLSROYCE-PORSCHE-FERRARI. Classic car parts spares Triumph parts especialist\" \/>\n<meta property=\"og:url\" content=\"https:\/\/mehariparts.com\/index.php\/politica-de-privacidad\/\" \/>\n<meta property=\"article:modified_time\" content=\"2023-11-22T22:07:11+00:00\" \/>\n<meta name=\"twitter:card\" content=\"summary_large_image\" \/>\n<meta name=\"twitter:label1\" content=\"Tiempo de lectura\" \/>\n\t<meta name=\"twitter:data1\" content=\"1 minuto\" \/>\n<script type=\"application\/ld+json\" class=\"yoast-schema-graph\">{\"@context\":\"https:\\\/\\\/schema.org\",\"@graph\":[{\"@type\":\"WebPage\",\"@id\":\"https:\\\/\\\/mehariparts.com\\\/index.php\\\/politica-de-privacidad\\\/\",\"url\":\"https:\\\/\\\/mehariparts.com\\\/index.php\\\/politica-de-privacidad\\\/\",\"name\":\"Pol\u00edtica de privacidad -\",\"isPartOf\":{\"@id\":\"https:\\\/\\\/mehariparts.com\\\/#website\"},\"datePublished\":\"2021-01-17T20:48:05+00:00\",\"dateModified\":\"2023-11-22T22:07:11+00:00\",\"description\":\"Recambios y accesorios para veh\u00edculos cl\u00e1sicos y deportivos. LAND ROVER-TRIUMPH-MG-JAGUAR-BENTLEY-ROLLSROYCE-PORSCHE-FERRARI. Classic car parts spares Triumph parts especialist\",\"breadcrumb\":{\"@id\":\"https:\\\/\\\/mehariparts.com\\\/index.php\\\/politica-de-privacidad\\\/#breadcrumb\"},\"inLanguage\":\"es\",\"potentialAction\":[{\"@type\":\"ReadAction\",\"target\":[\"https:\\\/\\\/mehariparts.com\\\/index.php\\\/politica-de-privacidad\\\/\"]}]},{\"@type\":\"BreadcrumbList\",\"@id\":\"https:\\\/\\\/mehariparts.com\\\/index.php\\\/politica-de-privacidad\\\/#breadcrumb\",\"itemListElement\":[{\"@type\":\"ListItem\",\"position\":1,\"name\":\"Portada\",\"item\":\"https:\\\/\\\/mehariparts.com\\\/\"},{\"@type\":\"ListItem\",\"position\":2,\"name\":\"Pol\u00edtica de privacidad\"}]},{\"@type\":\"WebSite\",\"@id\":\"https:\\\/\\\/mehariparts.com\\\/#website\",\"url\":\"https:\\\/\\\/mehariparts.com\\\/\",\"name\":\"\",\"description\":\"\",\"publisher\":{\"@id\":\"https:\\\/\\\/mehariparts.com\\\/#organization\"},\"potentialAction\":[{\"@type\":\"SearchAction\",\"target\":{\"@type\":\"EntryPoint\",\"urlTemplate\":\"https:\\\/\\\/mehariparts.com\\\/?s={search_term_string}\"},\"query-input\":{\"@type\":\"PropertyValueSpecification\",\"valueRequired\":true,\"valueName\":\"search_term_string\"}}],\"inLanguage\":\"es\"},{\"@type\":\"Organization\",\"@id\":\"https:\\\/\\\/mehariparts.com\\\/#organization\",\"name\":\"GF RECAMBIOS\",\"url\":\"https:\\\/\\\/mehariparts.com\\\/\",\"logo\":{\"@type\":\"ImageObject\",\"inLanguage\":\"es\",\"@id\":\"https:\\\/\\\/mehariparts.com\\\/#\\\/schema\\\/logo\\\/image\\\/\",\"url\":\"https:\\\/\\\/i0.wp.com\\\/gfrecambios.com\\\/wp-content\\\/uploads\\\/2021\\\/01\\\/cropped-cropped-cropped-cropped-cropped-cropped-logo-1-1.jpg?fit=627%2C99&ssl=1\",\"contentUrl\":\"https:\\\/\\\/i0.wp.com\\\/gfrecambios.com\\\/wp-content\\\/uploads\\\/2021\\\/01\\\/cropped-cropped-cropped-cropped-cropped-cropped-logo-1-1.jpg?fit=627%2C99&ssl=1\",\"width\":627,\"height\":99,\"caption\":\"GF RECAMBIOS\"},\"image\":{\"@id\":\"https:\\\/\\\/mehariparts.com\\\/#\\\/schema\\\/logo\\\/image\\\/\"}}]}<\/script>\n<!-- \/ Yoast SEO plugin. -->","yoast_head_json":{"title":"Pol\u00edtica de privacidad -","description":"Recambios y accesorios para veh\u00edculos cl\u00e1sicos y deportivos. LAND ROVER-TRIUMPH-MG-JAGUAR-BENTLEY-ROLLSROYCE-PORSCHE-FERRARI. Classic car parts spares Triumph parts especialist","robots":{"index":"index","follow":"follow","max-snippet":"max-snippet:-1","max-image-preview":"max-image-preview:large","max-video-preview":"max-video-preview:-1"},"canonical":"https:\/\/mehariparts.com\/index.php\/politica-de-privacidad\/","og_locale":"es_ES","og_type":"article","og_title":"Pol\u00edtica de privacidad -","og_description":"Recambios y accesorios para veh\u00edculos cl\u00e1sicos y deportivos. LAND ROVER-TRIUMPH-MG-JAGUAR-BENTLEY-ROLLSROYCE-PORSCHE-FERRARI. Classic car parts spares Triumph parts especialist","og_url":"https:\/\/mehariparts.com\/index.php\/politica-de-privacidad\/","article_modified_time":"2023-11-22T22:07:11+00:00","twitter_card":"summary_large_image","twitter_misc":{"Tiempo de lectura":"1 minuto"},"schema":{"@context":"https:\/\/schema.org","@graph":[{"@type":"WebPage","@id":"https:\/\/mehariparts.com\/index.php\/politica-de-privacidad\/","url":"https:\/\/mehariparts.com\/index.php\/politica-de-privacidad\/","name":"Pol\u00edtica de privacidad -","isPartOf":{"@id":"https:\/\/mehariparts.com\/#website"},"datePublished":"2021-01-17T20:48:05+00:00","dateModified":"2023-11-22T22:07:11+00:00","description":"Recambios y accesorios para veh\u00edculos cl\u00e1sicos y deportivos. LAND ROVER-TRIUMPH-MG-JAGUAR-BENTLEY-ROLLSROYCE-PORSCHE-FERRARI. Classic car parts spares Triumph parts especialist","breadcrumb":{"@id":"https:\/\/mehariparts.com\/index.php\/politica-de-privacidad\/#breadcrumb"},"inLanguage":"es","potentialAction":[{"@type":"ReadAction","target":["https:\/\/mehariparts.com\/index.php\/politica-de-privacidad\/"]}]},{"@type":"BreadcrumbList","@id":"https:\/\/mehariparts.com\/index.php\/politica-de-privacidad\/#breadcrumb","itemListElement":[{"@type":"ListItem","position":1,"name":"Portada","item":"https:\/\/mehariparts.com\/"},{"@type":"ListItem","position":2,"name":"Pol\u00edtica de privacidad"}]},{"@type":"WebSite","@id":"https:\/\/mehariparts.com\/#website","url":"https:\/\/mehariparts.com\/","name":"","description":"","publisher":{"@id":"https:\/\/mehariparts.com\/#organization"},"potentialAction":[{"@type":"SearchAction","target":{"@type":"EntryPoint","urlTemplate":"https:\/\/mehariparts.com\/?s={search_term_string}"},"query-input":{"@type":"PropertyValueSpecification","valueRequired":true,"valueName":"search_term_string"}}],"inLanguage":"es"},{"@type":"Organization","@id":"https:\/\/mehariparts.com\/#organization","name":"GF RECAMBIOS","url":"https:\/\/mehariparts.com\/","logo":{"@type":"ImageObject","inLanguage":"es","@id":"https:\/\/mehariparts.com\/#\/schema\/logo\/image\/","url":"https:\/\/i0.wp.com\/gfrecambios.com\/wp-content\/uploads\/2021\/01\/cropped-cropped-cropped-cropped-cropped-cropped-logo-1-1.jpg?fit=627%2C99&ssl=1","contentUrl":"https:\/\/i0.wp.com\/gfrecambios.com\/wp-content\/uploads\/2021\/01\/cropped-cropped-cropped-cropped-cropped-cropped-logo-1-1.jpg?fit=627%2C99&ssl=1","width":627,"height":99,"caption":"GF RECAMBIOS"},"image":{"@id":"https:\/\/mehariparts.com\/#\/schema\/logo\/image\/"}}]}},"amp_enabled":true,"_links":{"self":[{"href":"https:\/\/mehariparts.com\/index.php\/wp-json\/wp\/v2\/pages\/312","targetHints":{"allow":["GET"]}}],"collection":[{"href":"https:\/\/mehariparts.com\/index.php\/wp-json\/wp\/v2\/pages"}],"about":[{"href":"https:\/\/mehariparts.com\/index.php\/wp-json\/wp\/v2\/types\/page"}],"author":[{"embeddable":true,"href":"https:\/\/mehariparts.com\/index.php\/wp-json\/wp\/v2\/users\/1"}],"replies":[{"embeddable":true,"href":"https:\/\/mehariparts.com\/index.php\/wp-json\/wp\/v2\/comments?post=312"}],"version-history":[{"count":9,"href":"https:\/\/mehariparts.com\/index.php\/wp-json\/wp\/v2\/pages\/312\/revisions"}],"predecessor-version":[{"id":45835,"href":"https:\/\/mehariparts.com\/index.php\/wp-json\/wp\/v2\/pages\/312\/revisions\/45835"}],"wp:attachment":[{"href":"https:\/\/mehariparts.com\/index.php\/wp-json\/wp\/v2\/media?parent=312"}],"curies":[{"name":"wp","href":"https:\/\/api.w.org\/{rel}","templated":true}]}}