{"id":309,"date":"2021-01-17T20:47:45","date_gmt":"2021-01-17T20:47:45","guid":{"rendered":"https:\/\/mehariparts.com\/?page_id=309"},"modified":"2023-11-22T22:04:07","modified_gmt":"2023-11-22T22:04:07","slug":"condiciones-generales","status":"publish","type":"page","link":"https:\/\/mehariparts.com\/index.php\/condiciones-generales\/","title":{"rendered":"Condiciones generales"},"content":{"rendered":"\t\t<div data-elementor-type=\"wp-page\" data-elementor-id=\"309\" class=\"elementor elementor-309\">\n\t\t\t\t\t\t<section class=\"elementor-section elementor-top-section elementor-element elementor-element-3056c42 elementor-section-boxed elementor-section-height-default elementor-section-height-default\" data-id=\"3056c42\" data-element_type=\"section\" data-e-type=\"section\">\n\t\t\t\t\t\t<div class=\"elementor-container elementor-column-gap-default\">\n\t\t\t\t\t<div class=\"elementor-column elementor-col-100 elementor-top-column elementor-element elementor-element-b65374b\" data-id=\"b65374b\" data-element_type=\"column\" data-e-type=\"column\">\n\t\t\t<div class=\"elementor-widget-wrap elementor-element-populated\">\n\t\t\t\t\t\t<div class=\"elementor-element elementor-element-5d636bb elementor-widget elementor-widget-text-editor\" data-id=\"5d636bb\" data-element_type=\"widget\" data-e-type=\"widget\" data-widget_type=\"text-editor.default\">\n\t\t\t\t<div class=\"elementor-widget-container\">\n\t\t\t\t\t\t\t\t\t<p>Las siguientes condiciones generales regulan el servicio de\u00a0 venta de productos por MEHARI PARTS perteneciente a Padima Integral 96 SL, con sede en Espa\u00f1a y CIF B-87397121 la tienda online www.mehariparts.com o cualquier otra que en el futuro pueda existir. Estas condiciones regulan las relaciones contractuales que puedan surgir entre MEHARI PARTS, perteneciente a Padima Integral 96 SL y el usuario.<\/p><p>Al acceder o utilizar el sitio web el usuario reconoce haber le\u00eddo, entendido y aceptado estas condiciones generales, su aviso legal y la pol\u00edtica de privacidad y cookies que en ella se contienen.<\/p><p>La empresa se reserva el derecho a modificar estas condiciones sin necesidad de informar al usuario con antelaci\u00f3n por lo que se recomienda la lectura peri\u00f3dica de las mismas. As\u00ed mismo la empresa se compromete a actualizar las condiciones para adaptarlas a la legislaci\u00f3n vigente cuando sea necesario.<\/p><p>Los visitantes menores de 18 a\u00f1os pueden acceder al sitio web pero no pueden comprar ning\u00fan art\u00edculo del cat\u00e1logo de MEHARI PARTS. Para ser usuario de MEHARI PARTS es obligatoria una edad m\u00ednima de 18 a\u00f1os.\u00a0<\/p><p>Las marcas comerciales que figuran en MEHARI PARTS, as\u00ed como iconograf\u00edas, fotograf\u00edas o archivos de v\u00eddeo pretenden mostrar la mayor informaci\u00f3n posible para facilitar al usuario la navegaci\u00f3n por la web. Dichas marcas que podr\u00e1n estar registradas o no as\u00ed como nombres de empresas o productos.\u00a0<\/p><p>Ni textos ni archivos audiovisuales de ning\u00fan tipo utilizados en www.mehariparts.com deben interpretarse como una concesi\u00f3n o licencia para usar las marcas comerciales ni nuestro propio registro comercial sin nuestro permiso previo por escrito.<\/p><p>En todo momento www.mehariparts.com se reserva el derecho a decidir los productos que incluye en su cat\u00e1logo, pudiendo a\u00f1adir, modificar o restringir los contenidos de forma unilateral. Para atender cualquier duda, problema o sugerencia que el usuario pueda tener al respecto le facilitamos los datos de la web www.mehariparts.com perteneciente a Padima Integral 96 SL, con CIF B87397121 , E-mail: <a href=\"mailto:info@mehariparts.com\">info@mehariparts.com<\/a><\/p><p>Se le permite al usuario utilizar el sitio web www.mehariparts.com para imprimir, descargar o capturar pantallas del sitio web siempre y cuando no se modifique ning\u00fan elemento del contenido presentado originalmente sin consentimiento previo y por escrito.\u00a0<\/p><p>www.mehariparts.com no garantiza de ning\u00fan modo los posibles da\u00f1os o p\u00e9rdidas que puedan ser causados por la transmisi\u00f3n de un virus inform\u00e1tico en cualquiera de sus tipos (troyano, malware, gusano, temporizador o cualquier otro) para impedir el correcto funcionamiento de un ordenador, Tablet o cualquier otro aparato electr\u00f3nico con el que se pueda acceder al sitio web. Por lo tanto es responsabilidad de los usuarios tener los dispositivos adaptados para protegerlos de cualquier programa inform\u00e1tico malicioso.\u00a0<\/p><p>www.mehariparts.com se acoge a todas las medidas posibles para garantizar que el sitio web est\u00e9 disponible 24 horas al d\u00eda 365 d\u00edas al a\u00f1o, ello no significa que sea responsable si el sitio web deja de estar disponible en alg\u00fan momento por reparaciones, mantenimientos o problemas con el servidor. Su utilizaci\u00f3n puede no estar disponible en momentos puntuales debido a reparaciones o fallos puntuales del sistema.\u00a0<\/p><p>Los usuarios o visitantes de la p\u00e1gina www.mehariparts.com adquieren el compromiso de no realizar comentarios injustificados y denigrantes sobre el sitio web. Del mismo modo se comprometen a no realizar comentarios negativos y sin justificaci\u00f3n sobre los productos o usuarios.\u00a0<\/p><p>La cuenta de usuario en ning\u00fan momento puede ser utilizada por un tercero. Los usuarios se comprometen a elegir un nombre de usuario que permita identificar al mismo. En caso de que no se cumpla esta condici\u00f3n, www.mehariparts.com ser\u00e1 libre de cerrar la cuenta de usuario. As\u00ed mismo los usuarios se comprometen a informar debidamente a www.mehariparts.com sobre cualquier uso fraudulento que se est\u00e9 haciendo de su cuenta de usuario por parte de un tercero. Los usuarios ser\u00e1n los responsables finales de cualquier da\u00f1o que pueda sufrir www.mehariparts.com y por tanto adquieren el compromiso de indemnizar a www.mehariparts.com<\/p><p>El usuario acepta que www.mehariparts.com pueda establecer un l\u00edmite de\u00a0 compras de los art\u00edculos bajo una \u00fanica cuenta, direcci\u00f3n de env\u00edo o tarjeta de cr\u00e9dito. www.mehariparts.com se reserva el derecho a limitar o cancelar el pedido por los motivos que considere a su exclusivo criterio.\u00a0<\/p><p>www.mehariparts.com responder\u00e1 lo antes posible, por pol\u00edtica de empresa, a las reclamaciones sobre cualquier infracci\u00f3n de derechos de propiedad intelectual y tomar\u00e1 medidas en caso de clara violaci\u00f3n de los mismos.<\/p>\t\t\t\t\t\t\t\t<\/div>\n\t\t\t\t<\/div>\n\t\t\t\t\t<\/div>\n\t\t<\/div>\n\t\t\t\t\t<\/div>\n\t\t<\/section>\n\t\t\t\t<\/div>\n\t\t","protected":false},"excerpt":{"rendered":"<p>Las siguientes condiciones generales regulan el servicio de\u00a0 venta de productos por MEHARI PARTS perteneciente a Padima Integral 96 SL, con sede en Espa\u00f1a y CIF B-87397121 la tienda online www.mehariparts.com o cualquier otra que en el futuro pueda existir. Estas condiciones regulan las relaciones contractuales que puedan surgir entre MEHARI PARTS, perteneciente a Padima&hellip;<\/p>\n<p class=\"more\"><a class=\"more-link\" href=\"https:\/\/mehariparts.com\/index.php\/condiciones-generales\/\">Seguir leyendo <span class=\"screen-reader-text\">Condiciones generales<\/span><\/a><\/p>\n","protected":false},"author":1,"featured_media":0,"parent":0,"menu_order":0,"comment_status":"closed","ping_status":"closed","template":"","meta":{"footnotes":""},"class_list":["post-309","page","type-page","status-publish","hentry","entry"],"yoast_head":"<!-- This site is optimized with the Yoast SEO plugin v27.6 - https:\/\/yoast.com\/product\/yoast-seo-wordpress\/ -->\n<title>Condiciones generales -<\/title>\n<meta name=\"description\" content=\"Recambios y accesorios para veh\u00edculos cl\u00e1sicos y deportivos. LAND ROVER-TRIUMPH-MG-JAGUAR-BENTLEY-ROLLSROYCE-PORSCHE-FERRARI. Classic car parts spares Triumph parts especialist\" \/>\n<meta name=\"robots\" content=\"index, follow, max-snippet:-1, max-image-preview:large, max-video-preview:-1\" \/>\n<link rel=\"canonical\" href=\"https:\/\/mehariparts.com\/index.php\/condiciones-generales\/\" \/>\n<meta property=\"og:locale\" content=\"es_ES\" \/>\n<meta property=\"og:type\" content=\"article\" \/>\n<meta property=\"og:title\" content=\"Condiciones generales -\" \/>\n<meta property=\"og:description\" content=\"Recambios y accesorios para veh\u00edculos cl\u00e1sicos y deportivos. LAND ROVER-TRIUMPH-MG-JAGUAR-BENTLEY-ROLLSROYCE-PORSCHE-FERRARI. Classic car parts spares Triumph parts especialist\" \/>\n<meta property=\"og:url\" content=\"https:\/\/mehariparts.com\/index.php\/condiciones-generales\/\" \/>\n<meta property=\"article:modified_time\" content=\"2023-11-22T22:04:07+00:00\" \/>\n<meta name=\"twitter:card\" content=\"summary_large_image\" \/>\n<meta name=\"twitter:label1\" content=\"Tiempo de lectura\" \/>\n\t<meta name=\"twitter:data1\" content=\"4 minutos\" \/>\n<script type=\"application\/ld+json\" class=\"yoast-schema-graph\">{\"@context\":\"https:\\\/\\\/schema.org\",\"@graph\":[{\"@type\":\"WebPage\",\"@id\":\"https:\\\/\\\/mehariparts.com\\\/index.php\\\/condiciones-generales\\\/\",\"url\":\"https:\\\/\\\/mehariparts.com\\\/index.php\\\/condiciones-generales\\\/\",\"name\":\"Condiciones generales -\",\"isPartOf\":{\"@id\":\"https:\\\/\\\/mehariparts.com\\\/#website\"},\"datePublished\":\"2021-01-17T20:47:45+00:00\",\"dateModified\":\"2023-11-22T22:04:07+00:00\",\"description\":\"Recambios y accesorios para veh\u00edculos cl\u00e1sicos y deportivos. LAND ROVER-TRIUMPH-MG-JAGUAR-BENTLEY-ROLLSROYCE-PORSCHE-FERRARI. Classic car parts spares Triumph parts especialist\",\"breadcrumb\":{\"@id\":\"https:\\\/\\\/mehariparts.com\\\/index.php\\\/condiciones-generales\\\/#breadcrumb\"},\"inLanguage\":\"es\",\"potentialAction\":[{\"@type\":\"ReadAction\",\"target\":[\"https:\\\/\\\/mehariparts.com\\\/index.php\\\/condiciones-generales\\\/\"]}]},{\"@type\":\"BreadcrumbList\",\"@id\":\"https:\\\/\\\/mehariparts.com\\\/index.php\\\/condiciones-generales\\\/#breadcrumb\",\"itemListElement\":[{\"@type\":\"ListItem\",\"position\":1,\"name\":\"Portada\",\"item\":\"https:\\\/\\\/mehariparts.com\\\/\"},{\"@type\":\"ListItem\",\"position\":2,\"name\":\"Condiciones generales\"}]},{\"@type\":\"WebSite\",\"@id\":\"https:\\\/\\\/mehariparts.com\\\/#website\",\"url\":\"https:\\\/\\\/mehariparts.com\\\/\",\"name\":\"\",\"description\":\"\",\"publisher\":{\"@id\":\"https:\\\/\\\/mehariparts.com\\\/#organization\"},\"potentialAction\":[{\"@type\":\"SearchAction\",\"target\":{\"@type\":\"EntryPoint\",\"urlTemplate\":\"https:\\\/\\\/mehariparts.com\\\/?s={search_term_string}\"},\"query-input\":{\"@type\":\"PropertyValueSpecification\",\"valueRequired\":true,\"valueName\":\"search_term_string\"}}],\"inLanguage\":\"es\"},{\"@type\":\"Organization\",\"@id\":\"https:\\\/\\\/mehariparts.com\\\/#organization\",\"name\":\"GF RECAMBIOS\",\"url\":\"https:\\\/\\\/mehariparts.com\\\/\",\"logo\":{\"@type\":\"ImageObject\",\"inLanguage\":\"es\",\"@id\":\"https:\\\/\\\/mehariparts.com\\\/#\\\/schema\\\/logo\\\/image\\\/\",\"url\":\"https:\\\/\\\/i0.wp.com\\\/gfrecambios.com\\\/wp-content\\\/uploads\\\/2021\\\/01\\\/cropped-cropped-cropped-cropped-cropped-cropped-logo-1-1.jpg?fit=627%2C99&ssl=1\",\"contentUrl\":\"https:\\\/\\\/i0.wp.com\\\/gfrecambios.com\\\/wp-content\\\/uploads\\\/2021\\\/01\\\/cropped-cropped-cropped-cropped-cropped-cropped-logo-1-1.jpg?fit=627%2C99&ssl=1\",\"width\":627,\"height\":99,\"caption\":\"GF RECAMBIOS\"},\"image\":{\"@id\":\"https:\\\/\\\/mehariparts.com\\\/#\\\/schema\\\/logo\\\/image\\\/\"}}]}<\/script>\n<!-- \/ Yoast SEO plugin. -->","yoast_head_json":{"title":"Condiciones generales -","description":"Recambios y accesorios para veh\u00edculos cl\u00e1sicos y deportivos. LAND ROVER-TRIUMPH-MG-JAGUAR-BENTLEY-ROLLSROYCE-PORSCHE-FERRARI. Classic car parts spares Triumph parts especialist","robots":{"index":"index","follow":"follow","max-snippet":"max-snippet:-1","max-image-preview":"max-image-preview:large","max-video-preview":"max-video-preview:-1"},"canonical":"https:\/\/mehariparts.com\/index.php\/condiciones-generales\/","og_locale":"es_ES","og_type":"article","og_title":"Condiciones generales -","og_description":"Recambios y accesorios para veh\u00edculos cl\u00e1sicos y deportivos. LAND ROVER-TRIUMPH-MG-JAGUAR-BENTLEY-ROLLSROYCE-PORSCHE-FERRARI. Classic car parts spares Triumph parts especialist","og_url":"https:\/\/mehariparts.com\/index.php\/condiciones-generales\/","article_modified_time":"2023-11-22T22:04:07+00:00","twitter_card":"summary_large_image","twitter_misc":{"Tiempo de lectura":"4 minutos"},"schema":{"@context":"https:\/\/schema.org","@graph":[{"@type":"WebPage","@id":"https:\/\/mehariparts.com\/index.php\/condiciones-generales\/","url":"https:\/\/mehariparts.com\/index.php\/condiciones-generales\/","name":"Condiciones generales -","isPartOf":{"@id":"https:\/\/mehariparts.com\/#website"},"datePublished":"2021-01-17T20:47:45+00:00","dateModified":"2023-11-22T22:04:07+00:00","description":"Recambios y accesorios para veh\u00edculos cl\u00e1sicos y deportivos. LAND ROVER-TRIUMPH-MG-JAGUAR-BENTLEY-ROLLSROYCE-PORSCHE-FERRARI. Classic car parts spares Triumph parts especialist","breadcrumb":{"@id":"https:\/\/mehariparts.com\/index.php\/condiciones-generales\/#breadcrumb"},"inLanguage":"es","potentialAction":[{"@type":"ReadAction","target":["https:\/\/mehariparts.com\/index.php\/condiciones-generales\/"]}]},{"@type":"BreadcrumbList","@id":"https:\/\/mehariparts.com\/index.php\/condiciones-generales\/#breadcrumb","itemListElement":[{"@type":"ListItem","position":1,"name":"Portada","item":"https:\/\/mehariparts.com\/"},{"@type":"ListItem","position":2,"name":"Condiciones generales"}]},{"@type":"WebSite","@id":"https:\/\/mehariparts.com\/#website","url":"https:\/\/mehariparts.com\/","name":"","description":"","publisher":{"@id":"https:\/\/mehariparts.com\/#organization"},"potentialAction":[{"@type":"SearchAction","target":{"@type":"EntryPoint","urlTemplate":"https:\/\/mehariparts.com\/?s={search_term_string}"},"query-input":{"@type":"PropertyValueSpecification","valueRequired":true,"valueName":"search_term_string"}}],"inLanguage":"es"},{"@type":"Organization","@id":"https:\/\/mehariparts.com\/#organization","name":"GF RECAMBIOS","url":"https:\/\/mehariparts.com\/","logo":{"@type":"ImageObject","inLanguage":"es","@id":"https:\/\/mehariparts.com\/#\/schema\/logo\/image\/","url":"https:\/\/i0.wp.com\/gfrecambios.com\/wp-content\/uploads\/2021\/01\/cropped-cropped-cropped-cropped-cropped-cropped-logo-1-1.jpg?fit=627%2C99&ssl=1","contentUrl":"https:\/\/i0.wp.com\/gfrecambios.com\/wp-content\/uploads\/2021\/01\/cropped-cropped-cropped-cropped-cropped-cropped-logo-1-1.jpg?fit=627%2C99&ssl=1","width":627,"height":99,"caption":"GF RECAMBIOS"},"image":{"@id":"https:\/\/mehariparts.com\/#\/schema\/logo\/image\/"}}]}},"amp_enabled":true,"_links":{"self":[{"href":"https:\/\/mehariparts.com\/index.php\/wp-json\/wp\/v2\/pages\/309","targetHints":{"allow":["GET"]}}],"collection":[{"href":"https:\/\/mehariparts.com\/index.php\/wp-json\/wp\/v2\/pages"}],"about":[{"href":"https:\/\/mehariparts.com\/index.php\/wp-json\/wp\/v2\/types\/page"}],"author":[{"embeddable":true,"href":"https:\/\/mehariparts.com\/index.php\/wp-json\/wp\/v2\/users\/1"}],"replies":[{"embeddable":true,"href":"https:\/\/mehariparts.com\/index.php\/wp-json\/wp\/v2\/comments?post=309"}],"version-history":[{"count":11,"href":"https:\/\/mehariparts.com\/index.php\/wp-json\/wp\/v2\/pages\/309\/revisions"}],"predecessor-version":[{"id":45829,"href":"https:\/\/mehariparts.com\/index.php\/wp-json\/wp\/v2\/pages\/309\/revisions\/45829"}],"wp:attachment":[{"href":"https:\/\/mehariparts.com\/index.php\/wp-json\/wp\/v2\/media?parent=309"}],"curies":[{"name":"wp","href":"https:\/\/api.w.org\/{rel}","templated":true}]}}