{"id":151,"date":"2021-01-17T19:03:43","date_gmt":"2021-01-17T19:03:43","guid":{"rendered":"https:\/\/mehariparts.com\/?page_id=151"},"modified":"2023-10-12T21:03:50","modified_gmt":"2023-10-12T21:03:50","slug":"quienes-somos","status":"publish","type":"page","link":"https:\/\/mehariparts.com\/index.php\/quienes-somos\/","title":{"rendered":"Qui\u00e9nes somos"},"content":{"rendered":"\t\t<div data-elementor-type=\"wp-page\" data-elementor-id=\"151\" class=\"elementor elementor-151\">\n\t\t\t\t\t\t<section class=\"elementor-section elementor-top-section elementor-element elementor-element-e6238a0 elementor-section-boxed elementor-section-height-default elementor-section-height-default\" data-id=\"e6238a0\" data-element_type=\"section\" data-e-type=\"section\">\n\t\t\t\t\t\t<div class=\"elementor-container elementor-column-gap-default\">\n\t\t\t\t\t<div class=\"elementor-column elementor-col-100 elementor-top-column elementor-element elementor-element-7f6701c\" data-id=\"7f6701c\" data-element_type=\"column\" data-e-type=\"column\">\n\t\t\t<div class=\"elementor-widget-wrap elementor-element-populated\">\n\t\t\t\t\t\t<div class=\"elementor-element elementor-element-de52708 elementor-widget elementor-widget-text-editor\" data-id=\"de52708\" data-element_type=\"widget\" data-e-type=\"widget\" data-widget_type=\"text-editor.default\">\n\t\t\t\t<div class=\"elementor-widget-container\">\n\t\t\t\t\t\t\t\t\t<p><span style=\"color: #000000; font-size: 12pt;\"><strong>MEHARI PARTS tiene el origen en una necesidad personal de encontrar recambios para Citroen Mehari y 2CV, a precios competitivos y sobre todo, de forma \u00e1gil, sencilla y segura. Adem\u00e1s MEHARI PARTS cuenta con todos los productos necesarios para poder restaurar y mantener su citroen Mehari y 2 CV<\/strong><\/span><\/p><p><span style=\"color: #000000; font-size: 12pt;\"><strong>Contamos con un amplio equipo de profesionales con mucha experiencia en el sector que se encargar\u00e1n de dar el mejor servicio y le podr\u00e1n asesorar para que usted solo se tenga que preocupar de disfrutar de su veh\u00edculo.<\/strong><\/span><\/p>\t\t\t\t\t\t\t\t<\/div>\n\t\t\t\t<\/div>\n\t\t\t\t\t<\/div>\n\t\t<\/div>\n\t\t\t\t\t<\/div>\n\t\t<\/section>\n\t\t\t\t<\/div>\n\t\t","protected":false},"excerpt":{"rendered":"<p>MEHARI PARTS tiene el origen en una necesidad personal de encontrar recambios para Citroen Mehari y 2CV, a precios competitivos y sobre todo, de forma \u00e1gil, sencilla y segura. Adem\u00e1s MEHARI PARTS cuenta con todos los productos necesarios para poder restaurar y mantener su citroen Mehari y 2 CV Contamos con un amplio equipo de&hellip;<\/p>\n<p class=\"more\"><a class=\"more-link\" href=\"https:\/\/mehariparts.com\/index.php\/quienes-somos\/\">Seguir leyendo <span class=\"screen-reader-text\">Qui\u00e9nes somos<\/span><\/a><\/p>\n","protected":false},"author":1,"featured_media":0,"parent":0,"menu_order":0,"comment_status":"closed","ping_status":"closed","template":"","meta":{"footnotes":""},"class_list":["post-151","page","type-page","status-publish","hentry","entry"],"yoast_head":"<!-- This site is optimized with the Yoast SEO plugin v27.6 - https:\/\/yoast.com\/product\/yoast-seo-wordpress\/ -->\n<title>Qui\u00e9nes somos -<\/title>\n<meta name=\"description\" content=\"Recambios y accesorios para veh\u00edculos cl\u00e1sicos y deportivos. LAND ROVER-TRIUMPH-MG-JAGUAR-BENTLEY-ROLLSROYCE-PORSCHE-FERRARI. Classic car parts spares Triumph parts especialist\" \/>\n<meta name=\"robots\" content=\"index, follow, max-snippet:-1, max-image-preview:large, max-video-preview:-1\" \/>\n<link rel=\"canonical\" href=\"https:\/\/mehariparts.com\/index.php\/quienes-somos\/\" \/>\n<meta property=\"og:locale\" content=\"es_ES\" \/>\n<meta property=\"og:type\" content=\"article\" \/>\n<meta property=\"og:title\" content=\"Qui\u00e9nes somos -\" \/>\n<meta property=\"og:description\" content=\"Recambios y accesorios para veh\u00edculos cl\u00e1sicos y deportivos. LAND ROVER-TRIUMPH-MG-JAGUAR-BENTLEY-ROLLSROYCE-PORSCHE-FERRARI. Classic car parts spares Triumph parts especialist\" \/>\n<meta property=\"og:url\" content=\"https:\/\/mehariparts.com\/index.php\/quienes-somos\/\" \/>\n<meta property=\"article:modified_time\" content=\"2023-10-12T21:03:50+00:00\" \/>\n<meta name=\"twitter:card\" content=\"summary_large_image\" \/>\n<meta name=\"twitter:label1\" content=\"Tiempo de lectura\" \/>\n\t<meta name=\"twitter:data1\" content=\"1 minuto\" \/>\n<script type=\"application\/ld+json\" class=\"yoast-schema-graph\">{\"@context\":\"https:\\\/\\\/schema.org\",\"@graph\":[{\"@type\":\"WebPage\",\"@id\":\"https:\\\/\\\/mehariparts.com\\\/index.php\\\/quienes-somos\\\/\",\"url\":\"https:\\\/\\\/mehariparts.com\\\/index.php\\\/quienes-somos\\\/\",\"name\":\"Qui\u00e9nes somos -\",\"isPartOf\":{\"@id\":\"https:\\\/\\\/mehariparts.com\\\/#website\"},\"datePublished\":\"2021-01-17T19:03:43+00:00\",\"dateModified\":\"2023-10-12T21:03:50+00:00\",\"description\":\"Recambios y accesorios para veh\u00edculos cl\u00e1sicos y deportivos. LAND ROVER-TRIUMPH-MG-JAGUAR-BENTLEY-ROLLSROYCE-PORSCHE-FERRARI. Classic car parts spares Triumph parts especialist\",\"breadcrumb\":{\"@id\":\"https:\\\/\\\/mehariparts.com\\\/index.php\\\/quienes-somos\\\/#breadcrumb\"},\"inLanguage\":\"es\",\"potentialAction\":[{\"@type\":\"ReadAction\",\"target\":[\"https:\\\/\\\/mehariparts.com\\\/index.php\\\/quienes-somos\\\/\"]}]},{\"@type\":\"BreadcrumbList\",\"@id\":\"https:\\\/\\\/mehariparts.com\\\/index.php\\\/quienes-somos\\\/#breadcrumb\",\"itemListElement\":[{\"@type\":\"ListItem\",\"position\":1,\"name\":\"Portada\",\"item\":\"https:\\\/\\\/mehariparts.com\\\/\"},{\"@type\":\"ListItem\",\"position\":2,\"name\":\"Qui\u00e9nes somos\"}]},{\"@type\":\"WebSite\",\"@id\":\"https:\\\/\\\/mehariparts.com\\\/#website\",\"url\":\"https:\\\/\\\/mehariparts.com\\\/\",\"name\":\"\",\"description\":\"\",\"publisher\":{\"@id\":\"https:\\\/\\\/mehariparts.com\\\/#organization\"},\"potentialAction\":[{\"@type\":\"SearchAction\",\"target\":{\"@type\":\"EntryPoint\",\"urlTemplate\":\"https:\\\/\\\/mehariparts.com\\\/?s={search_term_string}\"},\"query-input\":{\"@type\":\"PropertyValueSpecification\",\"valueRequired\":true,\"valueName\":\"search_term_string\"}}],\"inLanguage\":\"es\"},{\"@type\":\"Organization\",\"@id\":\"https:\\\/\\\/mehariparts.com\\\/#organization\",\"name\":\"GF RECAMBIOS\",\"url\":\"https:\\\/\\\/mehariparts.com\\\/\",\"logo\":{\"@type\":\"ImageObject\",\"inLanguage\":\"es\",\"@id\":\"https:\\\/\\\/mehariparts.com\\\/#\\\/schema\\\/logo\\\/image\\\/\",\"url\":\"https:\\\/\\\/i0.wp.com\\\/gfrecambios.com\\\/wp-content\\\/uploads\\\/2021\\\/01\\\/cropped-cropped-cropped-cropped-cropped-cropped-logo-1-1.jpg?fit=627%2C99&ssl=1\",\"contentUrl\":\"https:\\\/\\\/i0.wp.com\\\/gfrecambios.com\\\/wp-content\\\/uploads\\\/2021\\\/01\\\/cropped-cropped-cropped-cropped-cropped-cropped-logo-1-1.jpg?fit=627%2C99&ssl=1\",\"width\":627,\"height\":99,\"caption\":\"GF RECAMBIOS\"},\"image\":{\"@id\":\"https:\\\/\\\/mehariparts.com\\\/#\\\/schema\\\/logo\\\/image\\\/\"}}]}<\/script>\n<!-- \/ Yoast SEO plugin. -->","yoast_head_json":{"title":"Qui\u00e9nes somos -","description":"Recambios y accesorios para veh\u00edculos cl\u00e1sicos y deportivos. LAND ROVER-TRIUMPH-MG-JAGUAR-BENTLEY-ROLLSROYCE-PORSCHE-FERRARI. Classic car parts spares Triumph parts especialist","robots":{"index":"index","follow":"follow","max-snippet":"max-snippet:-1","max-image-preview":"max-image-preview:large","max-video-preview":"max-video-preview:-1"},"canonical":"https:\/\/mehariparts.com\/index.php\/quienes-somos\/","og_locale":"es_ES","og_type":"article","og_title":"Qui\u00e9nes somos -","og_description":"Recambios y accesorios para veh\u00edculos cl\u00e1sicos y deportivos. LAND ROVER-TRIUMPH-MG-JAGUAR-BENTLEY-ROLLSROYCE-PORSCHE-FERRARI. Classic car parts spares Triumph parts especialist","og_url":"https:\/\/mehariparts.com\/index.php\/quienes-somos\/","article_modified_time":"2023-10-12T21:03:50+00:00","twitter_card":"summary_large_image","twitter_misc":{"Tiempo de lectura":"1 minuto"},"schema":{"@context":"https:\/\/schema.org","@graph":[{"@type":"WebPage","@id":"https:\/\/mehariparts.com\/index.php\/quienes-somos\/","url":"https:\/\/mehariparts.com\/index.php\/quienes-somos\/","name":"Qui\u00e9nes somos -","isPartOf":{"@id":"https:\/\/mehariparts.com\/#website"},"datePublished":"2021-01-17T19:03:43+00:00","dateModified":"2023-10-12T21:03:50+00:00","description":"Recambios y accesorios para veh\u00edculos cl\u00e1sicos y deportivos. LAND ROVER-TRIUMPH-MG-JAGUAR-BENTLEY-ROLLSROYCE-PORSCHE-FERRARI. Classic car parts spares Triumph parts especialist","breadcrumb":{"@id":"https:\/\/mehariparts.com\/index.php\/quienes-somos\/#breadcrumb"},"inLanguage":"es","potentialAction":[{"@type":"ReadAction","target":["https:\/\/mehariparts.com\/index.php\/quienes-somos\/"]}]},{"@type":"BreadcrumbList","@id":"https:\/\/mehariparts.com\/index.php\/quienes-somos\/#breadcrumb","itemListElement":[{"@type":"ListItem","position":1,"name":"Portada","item":"https:\/\/mehariparts.com\/"},{"@type":"ListItem","position":2,"name":"Qui\u00e9nes somos"}]},{"@type":"WebSite","@id":"https:\/\/mehariparts.com\/#website","url":"https:\/\/mehariparts.com\/","name":"","description":"","publisher":{"@id":"https:\/\/mehariparts.com\/#organization"},"potentialAction":[{"@type":"SearchAction","target":{"@type":"EntryPoint","urlTemplate":"https:\/\/mehariparts.com\/?s={search_term_string}"},"query-input":{"@type":"PropertyValueSpecification","valueRequired":true,"valueName":"search_term_string"}}],"inLanguage":"es"},{"@type":"Organization","@id":"https:\/\/mehariparts.com\/#organization","name":"GF RECAMBIOS","url":"https:\/\/mehariparts.com\/","logo":{"@type":"ImageObject","inLanguage":"es","@id":"https:\/\/mehariparts.com\/#\/schema\/logo\/image\/","url":"https:\/\/i0.wp.com\/gfrecambios.com\/wp-content\/uploads\/2021\/01\/cropped-cropped-cropped-cropped-cropped-cropped-logo-1-1.jpg?fit=627%2C99&ssl=1","contentUrl":"https:\/\/i0.wp.com\/gfrecambios.com\/wp-content\/uploads\/2021\/01\/cropped-cropped-cropped-cropped-cropped-cropped-logo-1-1.jpg?fit=627%2C99&ssl=1","width":627,"height":99,"caption":"GF RECAMBIOS"},"image":{"@id":"https:\/\/mehariparts.com\/#\/schema\/logo\/image\/"}}]}},"amp_enabled":true,"_links":{"self":[{"href":"https:\/\/mehariparts.com\/index.php\/wp-json\/wp\/v2\/pages\/151","targetHints":{"allow":["GET"]}}],"collection":[{"href":"https:\/\/mehariparts.com\/index.php\/wp-json\/wp\/v2\/pages"}],"about":[{"href":"https:\/\/mehariparts.com\/index.php\/wp-json\/wp\/v2\/types\/page"}],"author":[{"embeddable":true,"href":"https:\/\/mehariparts.com\/index.php\/wp-json\/wp\/v2\/users\/1"}],"replies":[{"embeddable":true,"href":"https:\/\/mehariparts.com\/index.php\/wp-json\/wp\/v2\/comments?post=151"}],"version-history":[{"count":19,"href":"https:\/\/mehariparts.com\/index.php\/wp-json\/wp\/v2\/pages\/151\/revisions"}],"predecessor-version":[{"id":44769,"href":"https:\/\/mehariparts.com\/index.php\/wp-json\/wp\/v2\/pages\/151\/revisions\/44769"}],"wp:attachment":[{"href":"https:\/\/mehariparts.com\/index.php\/wp-json\/wp\/v2\/media?parent=151"}],"curies":[{"name":"wp","href":"https:\/\/api.w.org\/{rel}","templated":true}]}}